{"id":395,"date":"2026-02-12T18:14:45","date_gmt":"2026-02-12T17:14:45","guid":{"rendered":"https:\/\/www.agrifoodporttarragona.com\/?page_id=395"},"modified":"2026-03-06T12:37:51","modified_gmt":"2026-03-06T11:37:51","slug":"inscripcion","status":"publish","type":"page","link":"https:\/\/www.agrifoodporttarragona.com\/es\/inscripcion\/","title":{"rendered":"Inscripci\u00f3n"},"content":{"rendered":"\t\t<div data-elementor-type=\"wp-page\" data-elementor-id=\"395\" class=\"elementor elementor-395 elementor-19\" data-elementor-post-type=\"page\">\n\t\t\t\t<div class=\"elementor-element elementor-element-51170ab e-flex e-con-boxed e-con e-parent\" data-id=\"51170ab\" data-element_type=\"container\" data-e-type=\"container\">\n\t\t\t\t\t<div class=\"e-con-inner\">\n\t\t\t\t<div class=\"elementor-element elementor-element-1a5366a elementor-widget elementor-widget-heading\" data-id=\"1a5366a\" data-element_type=\"widget\" data-e-type=\"widget\" data-widget_type=\"heading.default\">\n\t\t\t\t\t<h1 class=\"elementor-heading-title elementor-size-default\">Inscripciones<\/h1>\t\t\t\t<\/div>\n\t\t\t\t\t<\/div>\n\t\t\t\t<\/div>\n\t\t<div class=\"elementor-element elementor-element-28c316a e-flex e-con-boxed e-con e-parent\" data-id=\"28c316a\" data-element_type=\"container\" data-e-type=\"container\">\n\t\t\t\t\t<div class=\"e-con-inner\">\n\t\t<div class=\"elementor-element elementor-element-444bfd5 e-con-full e-flex e-con e-child\" data-id=\"444bfd5\" data-element_type=\"container\" data-e-type=\"container\">\n\t\t\t\t<div class=\"elementor-element elementor-element-c3178db elementor-widget elementor-widget-heading\" data-id=\"c3178db\" data-element_type=\"widget\" data-e-type=\"widget\" data-widget_type=\"heading.default\">\n\t\t\t\t\t<h2 class=\"elementor-heading-title elementor-size-default\">PRECIO<\/h2>\t\t\t\t<\/div>\n\t\t\t\t<\/div>\n\t\t<div class=\"elementor-element elementor-element-a5c448a e-con-full e-flex e-con e-child\" data-id=\"a5c448a\" data-element_type=\"container\" data-e-type=\"container\" data-settings=\"{&quot;sticky&quot;:&quot;top&quot;,&quot;sticky_on&quot;:[&quot;desktop&quot;,&quot;tablet&quot;],&quot;sticky_offset_tablet&quot;:20,&quot;sticky_parent&quot;:&quot;yes&quot;,&quot;sticky_offset&quot;:0,&quot;sticky_effects_offset&quot;:0,&quot;sticky_anchor_link_offset&quot;:0}\">\n\t\t\t\t<div class=\"elementor-element elementor-element-d9c6133 elementor-widget elementor-widget-heading\" data-id=\"d9c6133\" data-element_type=\"widget\" data-e-type=\"widget\" data-widget_type=\"heading.default\">\n\t\t\t\t\t<h3 class=\"elementor-heading-title elementor-size-default\">Cuota de inscripci\u00f3n <\/h3>\t\t\t\t<\/div>\n\t\t\t\t<div class=\"elementor-element elementor-element-bc1410d elementor-widget elementor-widget-text-editor\" data-id=\"bc1410d\" data-element_type=\"widget\" data-e-type=\"widget\" data-widget_type=\"text-editor.default\">\n\t\t\t\t\t\t\t\t\t<p>225 \u20ac I.V.A. incluido<\/p>\t\t\t\t\t\t\t\t<\/div>\n\t\t\t\t<div class=\"elementor-element elementor-element-73ee2b9 elementor-widget elementor-widget-heading\" data-id=\"73ee2b9\" data-element_type=\"widget\" data-e-type=\"widget\" data-widget_type=\"heading.default\">\n\t\t\t\t\t<h3 class=\"elementor-heading-title elementor-size-default\">La cuota de inscripci\u00f3n incluye:<\/h3>\t\t\t\t<\/div>\n\t\t\t\t<div class=\"elementor-element elementor-element-111cc3d elementor-widget elementor-widget-text-editor\" data-id=\"111cc3d\" data-element_type=\"widget\" data-e-type=\"widget\" data-widget_type=\"text-editor.default\">\n\t\t\t\t\t\t\t\t\t<ul><li>Documentaci\u00f3n y kit del congresista<\/li><li>Servicio de transfers gratuito desde los hoteles concertados (Hotel \/ Tinglado \/ Hotel). Horarios en el programa<\/li><li>Asistencia a las sesiones del Congreso<\/li><li>Caf\u00e9s en las pausas programadas<\/li><li>Visita en \u201cGolondrina\u201d a las instalaciones portuarias<\/li><li>Cena de Gala del 15\/10\u00a0<\/li><li><span style=\"background-color: transparent;\">Comida Networking del 16\/10<\/span><\/li><\/ul>\t\t\t\t\t\t\t\t<\/div>\n\t\t\t\t<\/div>\n\t\t\t\t\t<\/div>\n\t\t\t\t<\/div>\n\t\t<div class=\"elementor-element elementor-element-a336804 e-flex e-con-boxed e-con e-parent\" data-id=\"a336804\" data-element_type=\"container\" data-e-type=\"container\">\n\t\t\t\t\t<div class=\"e-con-inner\">\n\t\t<div class=\"elementor-element elementor-element-9884ae8 e-con-full e-flex e-con e-child\" data-id=\"9884ae8\" data-element_type=\"container\" data-e-type=\"container\">\n\t\t\t\t<div class=\"elementor-element elementor-element-15006c4 elementor-widget elementor-widget-heading\" data-id=\"15006c4\" data-element_type=\"widget\" data-e-type=\"widget\" data-widget_type=\"heading.default\">\n\t\t\t\t\t<h2 class=\"elementor-heading-title elementor-size-default\">FORMA DE PAGO<\/h2>\t\t\t\t<\/div>\n\t\t\t\t<\/div>\n\t\t<div class=\"elementor-element elementor-element-74830bf e-con-full e-flex e-con e-child\" data-id=\"74830bf\" data-element_type=\"container\" data-e-type=\"container\" data-settings=\"{&quot;sticky&quot;:&quot;top&quot;,&quot;sticky_on&quot;:[&quot;desktop&quot;,&quot;tablet&quot;],&quot;sticky_offset_tablet&quot;:20,&quot;sticky_parent&quot;:&quot;yes&quot;,&quot;sticky_offset&quot;:0,&quot;sticky_effects_offset&quot;:0,&quot;sticky_anchor_link_offset&quot;:0}\">\n\t\t\t\t<div class=\"elementor-element elementor-element-65d553c elementor-widget elementor-widget-heading\" data-id=\"65d553c\" data-element_type=\"widget\" data-e-type=\"widget\" data-widget_type=\"heading.default\">\n\t\t\t\t\t<h3 class=\"elementor-heading-title elementor-size-default\">Pago electr\u00f3nico<\/h3>\t\t\t\t<\/div>\n\t\t\t\t<div class=\"elementor-element elementor-element-d36223d elementor-widget elementor-widget-text-editor\" data-id=\"d36223d\" data-element_type=\"widget\" data-e-type=\"widget\" data-widget_type=\"text-editor.default\">\n\t\t\t\t\t\t\t\t\t<p>Durante el proceso de inscripci\u00f3n podr\u00e1 realizar el pago con tarjeta de cr\u00e9dito.<\/p><p><em>* Si su empresa o instituci\u00f3n no puede realizar pagos con tarjeta, por favor p\u00f3ngase en contacto con nosotros desde el formulario de la p\u00e1gina \u201cContacto\u201d para efectuar el pago mediante transferencia bancaria.<\/em><\/p>\t\t\t\t\t\t\t\t<\/div>\n\t\t\t\t<div class=\"elementor-element elementor-element-119985f elementor-widget elementor-widget-text-editor\" data-id=\"119985f\" data-element_type=\"widget\" data-e-type=\"widget\" data-widget_type=\"text-editor.default\">\n\t\t\t\t\t\t\t\t\t<p>Para asistir al congreso, reg\u00edstrese rellenando el formulario de inscripci\u00f3n que encontrar\u00e1 a continuaci\u00f3n:<\/p>\t\t\t\t\t\t\t\t<\/div>\n\t\t\t\t<div class=\"elementor-element elementor-element-d6e2c3f elementor-mobile-align-justify elementor-widget elementor-widget-button\" data-id=\"d6e2c3f\" data-element_type=\"widget\" data-e-type=\"widget\" data-widget_type=\"button.default\">\n\t\t\t\t\t\t\t\t\t\t<a class=\"elementor-button elementor-button-link elementor-size-sm\" href=\"https:\/\/app.bipeek.com\/registro-evento\/nB1LM82pmW5aJ6lwMfSPYLM1MVtgnvCbMUcD3THB8DPq4uLV0nNKWmxslb56\" target=\"_blank\" rel=\"noopener\">\n\t\t\t\t\t\t<span class=\"elementor-button-content-wrapper\">\n\t\t\t\t\t\t\t\t\t<span class=\"elementor-button-text\">Tramitar inscripci\u00f3n<\/span>\n\t\t\t\t\t<\/span>\n\t\t\t\t\t<\/a>\n\t\t\t\t\t\t\t\t<\/div>\n\t\t\t\t<\/div>\n\t\t\t\t\t<\/div>\n\t\t\t\t<\/div>\n\t\t<div class=\"elementor-element elementor-element-f2d3a58 e-flex e-con-boxed e-con e-parent\" data-id=\"f2d3a58\" data-element_type=\"container\" data-e-type=\"container\">\n\t\t\t\t\t<div class=\"e-con-inner\">\n\t\t<div class=\"elementor-element elementor-element-13a7de5 e-con-full e-flex e-con e-child\" data-id=\"13a7de5\" data-element_type=\"container\" data-e-type=\"container\">\n\t\t\t\t<div class=\"elementor-element elementor-element-1eb7b80 elementor-widget elementor-widget-heading\" data-id=\"1eb7b80\" data-element_type=\"widget\" data-e-type=\"widget\" data-widget_type=\"heading.default\">\n\t\t\t\t\t<h2 class=\"elementor-heading-title elementor-size-default\">Nota legal<\/h2>\t\t\t\t<\/div>\n\t\t\t\t<\/div>\n\t\t<div class=\"elementor-element elementor-element-0baa000 e-con-full e-flex e-con e-child\" data-id=\"0baa000\" data-element_type=\"container\" data-e-type=\"container\" data-settings=\"{&quot;sticky&quot;:&quot;top&quot;,&quot;sticky_on&quot;:[&quot;desktop&quot;,&quot;tablet&quot;],&quot;sticky_offset_tablet&quot;:20,&quot;sticky_parent&quot;:&quot;yes&quot;,&quot;sticky_offset&quot;:0,&quot;sticky_effects_offset&quot;:0,&quot;sticky_anchor_link_offset&quot;:0}\">\n\t\t\t\t<div class=\"elementor-element elementor-element-ebf16a6 elementor-widget elementor-widget-text-editor\" data-id=\"ebf16a6\" data-element_type=\"widget\" data-e-type=\"widget\" data-widget_type=\"text-editor.default\">\n\t\t\t\t\t\t\t\t\t<p>El responsable de la gesti\u00f3n del evento y de la venta de inscripciones para el V Agrifood Congress es la <strong>Autoridad Portuaria de Tarragona<\/strong>, con NIF: <strong>Q436713B<\/strong> y domicilio social en <strong>Passeig de l\u2019Escullera s\/n, 43004 Tarragona (Tarragona), Espa\u00f1a<\/strong>.<\/p>\n<p><strong>POL\u00cdTICA DE CANCELACI\u00d3N Y REEMBOLSO<\/strong><\/p>\n<p><strong>Cancelaci\u00f3n de la inscripci\u00f3n<\/strong><\/p>\n<p>Si finalmente no puede asistir al Congreso y no tiene posibilidad de transferir su inscripci\u00f3n a otra persona, comunique la cancelaci\u00f3n lo antes posible al correo: <strong>agrifoodcongress@eternumevents.com<\/strong><\/p>\n<p><strong>Pol\u00edtica de reembolso<\/strong><\/p>\n<ul>\n<li>Si presenta su solicitud hasta <strong>30 d\u00edas antes<\/strong> del Congreso, se le reembolsar\u00e1 el <strong>100%<\/strong> de la cuota de inscripci\u00f3n.<\/li>\n<li>Si presenta su solicitud hasta <strong>15 d\u00edas antes<\/strong> de la fecha del Congreso, se le reembolsar\u00e1 el <strong>50%<\/strong> de la cuota de inscripci\u00f3n.<\/li>\n<li>Despu\u00e9s de esta fecha, no podremos realizar ning\u00fan tipo de devoluci\u00f3n.<\/li>\n<\/ul>\n<p>Cualquier devoluci\u00f3n tendr\u00e1 un plazo de <strong>10 d\u00edas<\/strong> para hacerse efectiva.<\/p>\t\t\t\t\t\t\t\t<\/div>\n\t\t\t\t<\/div>\n\t\t\t\t\t<\/div>\n\t\t\t\t<\/div>\n\t\t\t\t<\/div>\n\t\t","protected":false},"excerpt":{"rendered":"<p>Inscripciones PRECIO Cuota de inscripci\u00f3n 225 \u20ac I.V.A. incluido La cuota de inscripci\u00f3n incluye: Documentaci\u00f3n y kit del congresista Servicio de transfers gratuito desde los hoteles concertados (Hotel \/ Tinglado \/ Hotel). Horarios en el programa Asistencia a las sesiones del Congreso Caf\u00e9s en las pausas programadas Visita en \u201cGolondrina\u201d a las instalaciones portuarias Cena [&hellip;]<\/p>\n","protected":false},"author":1,"featured_media":0,"parent":0,"menu_order":0,"comment_status":"closed","ping_status":"closed","template":"","meta":{"footnotes":""},"class_list":["post-395","page","type-page","status-publish","hentry"],"_links":{"self":[{"href":"https:\/\/www.agrifoodporttarragona.com\/es\/wp-json\/wp\/v2\/pages\/395","targetHints":{"allow":["GET"]}}],"collection":[{"href":"https:\/\/www.agrifoodporttarragona.com\/es\/wp-json\/wp\/v2\/pages"}],"about":[{"href":"https:\/\/www.agrifoodporttarragona.com\/es\/wp-json\/wp\/v2\/types\/page"}],"author":[{"embeddable":true,"href":"https:\/\/www.agrifoodporttarragona.com\/es\/wp-json\/wp\/v2\/users\/1"}],"replies":[{"embeddable":true,"href":"https:\/\/www.agrifoodporttarragona.com\/es\/wp-json\/wp\/v2\/comments?post=395"}],"version-history":[{"count":19,"href":"https:\/\/www.agrifoodporttarragona.com\/es\/wp-json\/wp\/v2\/pages\/395\/revisions"}],"predecessor-version":[{"id":901,"href":"https:\/\/www.agrifoodporttarragona.com\/es\/wp-json\/wp\/v2\/pages\/395\/revisions\/901"}],"wp:attachment":[{"href":"https:\/\/www.agrifoodporttarragona.com\/es\/wp-json\/wp\/v2\/media?parent=395"}],"curies":[{"name":"wp","href":"https:\/\/api.w.org\/{rel}","templated":true}]}}