{"id":397,"date":"2026-02-12T18:16:23","date_gmt":"2026-02-12T17:16:23","guid":{"rendered":"https:\/\/www.agrifoodporttarragona.com\/?page_id=397"},"modified":"2026-02-15T12:59:42","modified_gmt":"2026-02-15T11:59:42","slug":"politica-de-cookies","status":"publish","type":"page","link":"https:\/\/www.agrifoodporttarragona.com\/es\/politica-de-cookies\/","title":{"rendered":"Pol\u00edtica de cookies"},"content":{"rendered":"\t\t<div data-elementor-type=\"wp-page\" data-elementor-id=\"397\" class=\"elementor elementor-397 elementor-27\" data-elementor-post-type=\"page\">\n\t\t\t\t<div class=\"elementor-element elementor-element-595754a e-flex e-con-boxed e-con e-parent\" data-id=\"595754a\" data-element_type=\"container\" data-e-type=\"container\">\n\t\t\t\t\t<div class=\"e-con-inner\">\n\t\t\t\t<div class=\"elementor-element elementor-element-328cbed elementor-widget elementor-widget-heading\" data-id=\"328cbed\" data-element_type=\"widget\" data-e-type=\"widget\" data-widget_type=\"heading.default\">\n\t\t\t\t\t<h1 class=\"elementor-heading-title elementor-size-default\">Pol\u00edtica de cookies<\/h1>\t\t\t\t<\/div>\n\t\t\t\t<div class=\"elementor-element elementor-element-af070b2 elementor-widget elementor-widget-text-editor\" data-id=\"af070b2\" data-element_type=\"widget\" data-e-type=\"widget\" data-widget_type=\"text-editor.default\">\n\t\t\t\t\t\t\t\t\t<p>Aquest lloc web utilitza galetes pr\u00f2pies i de tercers per a oferir-li una millor experi\u00e8ncia i servei. En navegar o fer servir els nostres serveis l\u2019usuari accepta l\u2019\u00fas que fem de les galetes. No obstant aix\u00f2, l\u2019usuari t\u00e9 l\u2019opci\u00f3 d\u2019impedir la generaci\u00f3 de galetes i l\u2019eliminaci\u00f3 de les mateixes mitjan\u00e7ant la selecci\u00f3 de la corresponent.<\/p><p><strong>Qu\u00e8 \u00e9s una galeta?<\/strong><\/p><p>Una\u00a0galeta\u00a0\u00e9s un petit fragment de text que els llocs web envien al navegador i que s\u2019emmagatzemen en el terminal de l\u2019usuari, el qual pot ser un ordinador personal, un tel\u00e8fon m\u00f2bil, tauleta, etc. Aquests arxius permeten que el lloc web recordi informaci\u00f3 sobre la seva visita, com l\u2019idioma i les opcions preferides, la qual cosa pot facilitar la seva pr\u00f2xima visita i fer que el lloc resulti m\u00e9s \u00fatil en personalitzar el seu contingut. Les galetes exerceixen un paper molt important, en millorar l\u2019experi\u00e8ncia d\u2019\u00fas de la Web.<\/p><p><strong>Tipus de galetes<\/strong><\/p><p>Segons l\u2019entitat que les gestioni, les galetes poden ser:<\/p><ul><li><strong>Galetes pr\u00f2pies:<\/strong> S\u00f3n aquelles que s\u2019envien a l\u2019equip terminal de l\u2019interessat des d\u2019un equip o domini gestionat pel mateix editor i des del qual es presta el servei sol\u00b7licitat per l\u2019usuari.<\/li><li><strong>Galetes de tercers: <\/strong>S\u00f3n aquelles que s\u2019envien a l\u2019equip terminal de l\u2019usuari des d\u2019un equip o domini que no \u00e9s gestionat per l\u2019editor, sin\u00f3 per una altra entitat que tracta les dades obtingudes trav\u00e9s de les galetes.<br \/><br \/><\/li><\/ul><p>Segons el termini de temps que romanen activades:<\/p><ul><li><strong>Galetes de sessi\u00f3<\/strong>: S\u00f3n un tipus de galetes dissenyades per a recaptar i emmagatzemar dades mentre l\u2019usuari accedeix a una p\u00e0gina web. Se solen emprar per a emmagatzemar informaci\u00f3 que nom\u00e9s interessa conservar per a la prestaci\u00f3 del servei sol\u00b7licitat per l\u2019usuari en una sola ocasi\u00f3.<\/li><li><strong>Galetes persistents:<\/strong> S\u00f3n un tipus de galetes en el qual les dades continuen emmagatzemats en el terminal i poden ser accedits i tractats durant un per\u00edode definit pel responsable de la\u00a0galeta, i que pot anar d\u2019uns minuts a diversos anys.<br \/><br \/><\/li><\/ul><p>Segons la finalitat per a la qual es tractin les dades obtingudes a trav\u00e9s de les galetes, la web pot utilitzar:<\/p><ul><li><em><strong>Galetes t\u00e8cniques<\/strong><\/em> \u2013 S\u00f3n aquelles que permeten a l\u2019usuari la navegaci\u00f3 a trav\u00e9s de la p\u00e0gina web o aplicaci\u00f3 i la utilitzaci\u00f3 de les diferents opcions o serveis que en ella existeixen. Per exemple, controlar el tr\u00e0nsit i la comunicaci\u00f3 de dades, identificar la sessi\u00f3, accedir a les parts web d\u2019acc\u00e9s restringit, recordar els elements que integren una comanda, fer la sol\u00b7licitud d\u2019inscripci\u00f3 o participaci\u00f3 en un esdeveniment, utilitzar elements de seguretat durant la navegaci\u00f3 i emmagatzemar continguts per a la difusi\u00f3 de v\u00eddeos o so.<\/li><li><em><strong>Galetes de personalitzaci\u00f3 <\/strong><\/em>\u2013 S\u00f3n aquelles que permeten a l\u2019usuari accedir al servei amb algunes caracter\u00edstiques de car\u00e0cter general redefinides en la seva terminal o que el mateix usuari defineixi. Per exemple, l\u2019idioma, el tipus de navegador a trav\u00e9s del qual accedeix al servei, el disseny de continguts seleccionat, geolocalitzaci\u00f3 del terminal i la configuraci\u00f3 regional des d\u2019on s\u2019accedeix al servei.<\/li><li><em><strong>Galetes publicit\u00e0ries <\/strong><\/em>\u2013 S\u00f3n aquelles que permeten la gesti\u00f3 efica\u00e7 dels espais publicitaris que s\u2019han incl\u00f2s en la p\u00e0gina web o aplicaci\u00f3 des de la qual es presta el servei. Permeten adequar el contingut de la publicitat perqu\u00e8 aquesta sigui rellevant per a l\u2019usuari i per a evitar mostrar anuncis que l\u2019usuari ja hagi vist.<\/li><li><em><strong>Galetes d\u2019an\u00e0lisi estad\u00edstica<\/strong><\/em> \u2013 S\u00f3n aquelles que permeten realitzar el seguiment i an\u00e0lisi del comportament dels usuaris en els llocs web. La informaci\u00f3 recollida mitjan\u00e7ant aquesta mena de galetes s\u2019utilitza en el mesurament de l\u2019activitat dels llocs web, aplicaci\u00f3 o plataforma i per a l\u2019elaboraci\u00f3 de perfils de navegaci\u00f3 dels usuaris d\u2019aquests llocs, amb la finalitat d\u2019introduir millores en el servei en funci\u00f3 de les dades d\u2019\u00fas que fan els usuaris.<br \/><br \/><\/li><\/ul><p>Les galetes usades en aquest lloc web les pot veure al panell de configuraci\u00f3 i ajustar la seva configuraci\u00f3 en qualsevol moment.<\/p><p>\u00a0<\/p><table><tbody><tr><td valign=\"top\" width=\"128\"><strong>Cookie<\/strong><\/td><td valign=\"top\" width=\"88\"><strong>Nom<\/strong><\/td><td valign=\"top\" width=\"205\"><strong>Finalitat<\/strong><\/td><td valign=\"top\" width=\"164\"><strong>M\u00e9s informaci\u00f3<\/strong><\/td><\/tr><tr><td valign=\"top\" width=\"128\">Google Analytics<\/td><td valign=\"top\" width=\"88\">_utma<br \/>_utmb<br \/>_utmc<br \/>_utmt<br \/>_utmz<\/td><td valign=\"top\" width=\"205\">Aquestes cookies s\u2019utilitzen per a recopilar informaci\u00f3 sobre com els visitants utilitzen el lloc web, i s\u00f3n utilitzades per millor-lo. Les <em>cookies<\/em> recopilen informaci\u00f3 de forma an\u00f2nima, incloent el n\u00famero de visitants han arribat al lloc web i les p\u00e0gines que ha visitat.<\/td><td valign=\"top\" width=\"164\">Per a m\u00e9s informaci\u00f3 consulteu la informaci\u00f3 de <a title=\"External link\" href=\"http:\/\/www.google.com\/intl\/en_uk\/analytics\/privacyoverview.html\" target=\"_blank\" rel=\"noopener\">privacitat a Google<\/a>.<\/td><\/tr><tr><td valign=\"top\" width=\"128\">WordPress<\/td><td valign=\"top\" width=\"88\">wfvt_XXXX<\/td><td valign=\"top\" width=\"205\">Cookie de WordPress per a emmagatzemar les dades de visita de l\u2019usuario i oferir-los a futures visites.<\/td><td valign=\"top\" width=\"164\">Per a m\u00e9s informaci\u00f3 consulteu a <a href=\"http:\/\/cookie-cat.co.uk\/cookies\/\" target=\"_blank\" rel=\"noopener\">aquesta p\u00e0gina<\/a><\/td><\/tr><tr><td valign=\"top\" width=\"128\">Wordfence<\/td><td valign=\"top\" width=\"88\">wordfence_verifiedHuman<\/td><td valign=\"top\" width=\"205\">Aquesta cookie, del plugin Wordfence, s\u2019utiliza per a millorar la seguretat de l\u2019usuari<\/td><td valign=\"top\" width=\"164\">Per a m\u00e9s informaci\u00f3 consulteu a <a href=\"http:\/\/cookie-cat.co.uk\/cookies\/\" target=\"_blank\" rel=\"noopener\">aquesta p\u00e0gina<\/a><\/td><\/tr><tr><td valign=\"top\" width=\"128\">Privacy &amp; Cookies Policy<\/td><td valign=\"top\" width=\"88\">viewed_cookie_policy<\/td><td valign=\"top\" width=\"205\">Aquesta cookie l\u2019utilitza el plugin de Privacy &amp; Cookies Policy per a recordar les vostres prefer\u00e8ncies sobre cookies<\/td><td valign=\"top\" width=\"164\">Per a m\u00e9s informaci\u00f3 consulteu a <a href=\"http:\/\/cookie-cat.co.uk\/cookies\/\" target=\"_blank\" rel=\"noopener\">aquesta p\u00e0gina<\/a><\/td><\/tr><\/tbody><\/table><p>\u00a0<\/p><p><strong>Com administrar galetes en el navegador?<\/strong><\/p><p>L\u2019usuari t\u00e9 l\u2019opci\u00f3 de permetre, bloquejar o eliminar les galetes instal\u00b7lades en el seu equip mitjan\u00e7ant la configuraci\u00f3 de les opcions del navegador instal\u00b7lat en la seva terminal:<\/p><ul><li><strong>Firefox<\/strong>:<br \/><a href=\"http:\/\/support.mozilla.org\/es\/kb\/habilitar-y-deshabilitar-cookies-que-los-sitios-we\" target=\"_blank\" rel=\"noopener\">http:\/\/support.mozilla.org\/es\/kb\/habilitar-y-deshabilitar-cookies-que-los-sitios-we<\/a><\/li><\/ul><ul><li><strong>Chrome<\/strong>:<br \/><a href=\"http:\/\/support.google.com\/chrome\/bin\/answer.py?hl=es&amp;answer=95647\" target=\"_blank\" rel=\"noopener\">http:\/\/support.google.com\/chrome\/bin\/answer.py?hl=es&amp;answer=95647<\/a><\/li><\/ul><ul><li><strong>Internet Explorer<\/strong>:<br \/><a href=\"https:\/\/support.microsoft.com\/es-es\/help\/278835\/how-to-delete-cookie-files-in-internet-explorer\" target=\"_blank\" rel=\"noopener\">https:\/\/support.microsoft.com\/es-es\/help\/278835\/how-to-delete-cookie-files-in-internet-explorer<\/a><\/li><\/ul><ul><li><strong>Microsoft Edge:<br \/><\/strong><a href=\"https:\/\/support.microsoft.com\/es-es\/help\/4468242\/microsoft-edge-browsing-data-and-privacy-microsoft-privacy\" target=\"_blank\" rel=\"noopener\">https:\/\/support.microsoft.com\/es-es\/help\/4468242\/microsoft-edge-browsing-data-and-privacy-microsoft-privacy<\/a><\/li><\/ul><ul><li><strong>Safari<\/strong>:<br \/><a href=\"http:\/\/support.apple.com\/kb\/ph5042\" target=\"_blank\" rel=\"noopener\">http:\/\/support.apple.com\/kb\/ph5042<\/a><\/li><\/ul><ul><li><strong>Opera<\/strong>:<br \/><a href=\"http:\/\/help.opera.com\/Windows\/11.50\/es-ES\/cookies.html\" target=\"_blank\" rel=\"noopener\">http:\/\/help.opera.com\/Windows\/11.50\/es-ES\/cookies.html<\/a><br \/><br \/><\/li><\/ul><p>En cas de bloquejar l\u2019\u00fas de galetes en el seu navegador \u00e9s possible que alguns serveis o funcionalitats de la p\u00e0gina web no estiguin disponibles.<\/p><p>En alguns navegadors es poden configurar regles espec\u00edfiques per a administrar galetes per lloc web, la qual cosa ofereix un control m\u00e9s prec\u00eds sobre la privacitat. Aix\u00f2 significa que es pot inhabilitar galetes de tots els llocs excepte d\u2019aquells en els quals es confi\u00ef.<\/p>\t\t\t\t\t\t\t\t<\/div>\n\t\t\t\t\t<\/div>\n\t\t\t\t<\/div>\n\t\t\t\t<\/div>\n\t\t","protected":false},"excerpt":{"rendered":"","protected":false},"author":1,"featured_media":0,"parent":0,"menu_order":0,"comment_status":"closed","ping_status":"closed","template":"","meta":{"footnotes":""},"class_list":["post-397","page","type-page","status-publish","hentry"],"_links":{"self":[{"href":"https:\/\/www.agrifoodporttarragona.com\/es\/wp-json\/wp\/v2\/pages\/397","targetHints":{"allow":["GET"]}}],"collection":[{"href":"https:\/\/www.agrifoodporttarragona.com\/es\/wp-json\/wp\/v2\/pages"}],"about":[{"href":"https:\/\/www.agrifoodporttarragona.com\/es\/wp-json\/wp\/v2\/types\/page"}],"author":[{"embeddable":true,"href":"https:\/\/www.agrifoodporttarragona.com\/es\/wp-json\/wp\/v2\/users\/1"}],"replies":[{"embeddable":true,"href":"https:\/\/www.agrifoodporttarragona.com\/es\/wp-json\/wp\/v2\/comments?post=397"}],"version-history":[{"count":1,"href":"https:\/\/www.agrifoodporttarragona.com\/es\/wp-json\/wp\/v2\/pages\/397\/revisions"}],"predecessor-version":[{"id":398,"href":"https:\/\/www.agrifoodporttarragona.com\/es\/wp-json\/wp\/v2\/pages\/397\/revisions\/398"}],"wp:attachment":[{"href":"https:\/\/www.agrifoodporttarragona.com\/es\/wp-json\/wp\/v2\/media?parent=397"}],"curies":[{"name":"wp","href":"https:\/\/api.w.org\/{rel}","templated":true}]}}