{"id":399,"date":"2026-02-12T18:16:31","date_gmt":"2026-02-12T17:16:31","guid":{"rendered":"https:\/\/www.agrifoodporttarragona.com\/?page_id=399"},"modified":"2026-02-20T13:39:00","modified_gmt":"2026-02-20T12:39:00","slug":"politica-de-privacidad","status":"publish","type":"page","link":"https:\/\/www.agrifoodporttarragona.com\/es\/politica-de-privacidad\/","title":{"rendered":"Pol\u00edtica de privacidad"},"content":{"rendered":"\t\t<div data-elementor-type=\"wp-page\" data-elementor-id=\"399\" class=\"elementor elementor-399 elementor-29\" data-elementor-post-type=\"page\">\n\t\t\t\t<div class=\"elementor-element elementor-element-bd765ec e-flex e-con-boxed e-con e-parent\" data-id=\"bd765ec\" data-element_type=\"container\" data-e-type=\"container\">\n\t\t\t\t\t<div class=\"e-con-inner\">\n\t\t\t\t<div class=\"elementor-element elementor-element-5ad81cb elementor-widget elementor-widget-heading\" data-id=\"5ad81cb\" data-element_type=\"widget\" data-e-type=\"widget\" data-widget_type=\"heading.default\">\n\t\t\t\t\t<h1 class=\"elementor-heading-title elementor-size-default\">Pol\u00edtica de privacidad<\/h1>\t\t\t\t<\/div>\n\t\t\t\t<div class=\"elementor-element elementor-element-fd49723 elementor-widget elementor-widget-text-editor\" data-id=\"fd49723\" data-element_type=\"widget\" data-e-type=\"widget\" data-widget_type=\"text-editor.default\">\n\t\t\t\t\t\t\t\t\t<\/h3><section><h3>TEXTO LEGAL<\/h3><p>De conformidad con lo establecido por el Reglamento (UE) 2016\/679 del Parlamento Europeo y del Consejo, de 27 de abril de 2016, relativo a la protecci\u00f3n de las personas f\u00edsicas en cuanto al tratamiento de datos personales y a la libre circulaci\u00f3n de estos datos, le informamos que los datos personales facilitados a trav\u00e9s de los formularios, as\u00ed como su direcci\u00f3n de correo electr\u00f3nico, han sido incluidos en un tratamiento titularidad de AUTORITAT PORTU\u00c0RIA DE TARRAGONA, [de ahora en adelante APT], con domicilio social en la Passeig de l\u2019Escullera, S\/N &#8211; 43004 TARRAGONA, CIF Q4367131B,\n<\/p><p>Se informa que los datos pueden ser utilizados para el env\u00edo de comunicaciones comerciales, por cualquier medio, relativo a actividades y servicios de nuestra empresa o grupo empresarial que puedan ser de su inter\u00e9s. Usted podr\u00e1 en cualquier momento oponerse a este tipo de comunicaciones, enviando un correo electr\u00f3nico a la direcci\u00f3n <a href=\"mailto:dpd@porttarragona.cat\">dpd@porttarragona.cat<\/a> indicando en el asunto \u00ab<strong>BAJA DE LA LISTA DE DISTRIBUCI\u00d3N<\/strong>\u00ab.\n<\/p><p>As\u00ed mismo, podr\u00e1 ejercer los derechos de acceso, rectificaci\u00f3n, cancelaci\u00f3n, oposici\u00f3n y si procede de, portabilidad y limitaci\u00f3n, enviando un escrito acompa\u00f1ado de una fotocopia del D.N.I a la siguiente direcci\u00f3n: Passeig de l\u2019Escullera, S\/N &#8211; 43004 TARRAGONA o envi\u00e1ndolo por correo electr\u00f3nico a <a href=\"mailto:dpd@porttarragona.cat\">dpd@porttarragona.cat<\/a> indicando en el asunto \u00ab<strong>PROTECCI\u00d3N DE DATOS<\/strong>\u00ab.\n<\/p><\/section><section><h3>POL\u00cdTICA DE PRIVACIDAD<\/h3><p>APT est\u00e1 especialmente sensibilizado con la protecci\u00f3n de los datos de los usuarios de los servicios que acceden al sitio web. Mediante la presente Pol\u00edtica de Privacidad [de ahora en adelante, la Pol\u00edtica] informa a los usuarios de porttarragona.cat del tratamiento y usos a los que se someten los datos personales que se recaban en la Web, con el fin de que decidan, libre y voluntariamente, si desean facilitar la informaci\u00f3n solicitada.\n<\/p><p>APT considera esencial garantizar la protecci\u00f3n de los datos personales, con el fin de proteger la intimidad y privacidad de todos los interesados (titulares de los datos), por lo que ponemos de manifiesto la presente Pol\u00edtica, comprometi\u00e9ndonos a garantizar las exigencias legales estipuladas en la legislaci\u00f3n y reglamentaci\u00f3n que sea aplicable en materia de Protecci\u00f3n de Datos Personales. As\u00ed pues, en cumplimiento del Reglamento (UE) 2016\/679, mediante el presente documento APT.\n<\/p><p><u><strong>Informa<\/strong><\/u>:\n<\/p><p><strong>1- Titularidad de los Tratamientos<\/strong>\n<\/p><p><strong>APT <\/strong>con domicilio social en: Passeig de l\u2019Escullera, S\/N &#8211; 43004 TARRAGONA, es el titular de diferentes tratamientos. En concreto, los datos recabados a trav\u00e9s de la presente web se incorporan al tratamiento [USUARIOS WEB \/ NEWSLETTER], a los que le ser\u00e1 aplicada la presente pol\u00edtica de Privacidad.\n<\/p><p><strong>2- Recogida y tratamiento<\/strong>\n<\/p><p>El tratamiento [USUARIOS WEB \/ NEWSLETTER], tiene como principal caracter\u00edstica:\n<\/p><p>\u00a0\u00a0\u00a0<strong> 2.1.Finalidad<\/strong>\n<\/p><p>La finalidad de la recogida e incorporaci\u00f3n de los datos a los citados tratamientos, consisten en:\n<\/p><p>a. Para el tratamiento [USUARIOS WEB \/ NEWSLETTER], ofrecer la informaci\u00f3n solicitada por los interesados en el formulario o cuestionario de la p\u00e1gina Web porttarragona.cat.\n<\/p><p>b. Resolver las cuestiones formuladas.\n<\/p><p>c. y remitirles informaci\u00f3n sobre nuestras ofertas de servicios al grupo empresarial APT.\n<\/p><p>\u00a0\u00a0\u00a0 <strong>2.2 Encargado del tratamiento<\/strong>\n<\/p><p>En el caso de que haya terceros que accedan a este tratamiento y con los cuales exista obligaci\u00f3n de subscribir el contrato que prescribe (el art\u00edculo 28 RGPD). Se firmar\u00e1 este contrato sobre los t\u00e9rminos que marca el citado art\u00edculo, que regular\u00e1 contractualmente el uso y la confidencialidad de los datos de car\u00e1cter personal, de conformidad con lo dispuesto en la legislaci\u00f3n vigente.\n<\/p><p>\u00a0\u00a0<strong>\u00a0 2.3. Base jur\u00eddica &#8211; Consentimiento<\/strong>\n<\/p><p>Mediante la cumplimentaci\u00f3n de los formularios disponibles en la web, el interesado presta su consentimiento para que los datos de car\u00e1cter personal suministrados sean incorporados al fichero, siendo objeto de tratamiento por la presente pol\u00edtica de privacidad. Del mismo modo presta consentimiento para que APT, le env\u00ede informaci\u00f3n peri\u00f3dica sobre ofertas de actividades, productos o servicios del grupo empresarial. Usted podr\u00e1 en cualquier momento oponerse a este tipo de env\u00edos, enviando un correo electr\u00f3nico a la direcci\u00f3n <a href=\"mailto:dpd@porttarragona.cat\">dpd@porttarragona.cat<\/a> indicando en el asunto \u00ab<strong>BAJA DE LA LISTA DE DISTRIBUCI\u00d3N<\/strong>\u00ab.\n<\/p><p><strong>3. Medidas de Seguridad<\/strong>\n<\/p><p>APT ha adoptado los niveles de seguridad de protecci\u00f3n de los datos de car\u00e1cter personal legalmente requeridos, y ha instalado todos los medios y medidas t\u00e9cnicas a su alcance para evitar la p\u00e9rdida, mal uso, alteraci\u00f3n, acceso no autorizado y robo de los datos.\n<\/p><p><strong>4. Derechos de Acceso, Rectificaci\u00f3n, Cancelaci\u00f3n, Oposici\u00f3n, Portabilidad y Limitaci\u00f3n<\/strong>\n<\/p><p>Los interesados titulares de los datos contenidos en el tratamiento [USUARIOS WEB \/ NEWSLETTER] as\u00ed como los datos contenidos en cualquiera de los tratamientos titularidad de APT, podr\u00e1n dirigirse a la entidad, con el fin de poder ejercitar los derechos de acceso, rectificaci\u00f3n, cancelaci\u00f3n, oposici\u00f3n, portabilidad, y si procede limitaci\u00f3n (Derechos ARCOPL).\n<\/p><p>Estos derechos tienen car\u00e1cter \u201cpersonal\u00edsimo\u201d, por lo que \u00fanicamente podr\u00e1n ser ejercitados por el propio interesado, o su representante legal, previa acreditaci\u00f3n de su identidad, o si procede, de la suficiencia de la representaci\u00f3n.\n<\/p><p><strong>A.-<\/strong> El derecho de acceso, se podr\u00e1 ejercitar con periodicidad anual, excepto inter\u00e9s leg\u00edtimo acreditado. Al ejercitar este derecho, el interesado podr\u00e1 optar por los siguientes sistemas de consulta del fichero:\n<\/p><p>&#8211; Enviar un correo electr\u00f3nico a: <a href=\"mailto:dpd@porttarragona.cat\">dpd@porttarragona.cat<\/a>.\n<\/p><p>&#8211; Comunicaci\u00f3n por escrito dirigida a: <strong>Autoritat Portu\u00e0ria de Tarragona, Passeig de l\u2019Escullera, S\/N &#8211; 43004 TARRAGONA.<\/strong>\n<\/p><p>APT, proceder\u00e1 a notificar su decisi\u00f3n en el plazo de un mes. Si fuera en sentido afirmativo, el interesado podr\u00e1 acceder a la referida informaci\u00f3n en el plazo de los 10 d\u00edas siguientes a su notificaci\u00f3n.\n<\/p><p><strong>B.-<\/strong> El derecho de rectificaci\u00f3n y cancelaci\u00f3n podr\u00e1n ser ejercitados, con arreglo a las siguientes previsiones, siempre que el interesado considere que los datos recogidos en nuestros tratamientos son inexactos, incompletos, inadecuados o excesivos. En este caso, podr\u00e1 ejercitarlos a trav\u00e9s de alguno de los medios anteriormente previstos. APT, proceder\u00e1 a la rectificaci\u00f3n o cancelaci\u00f3n dentro de los 10 d\u00edas siguientes al de la recepci\u00f3n de la solicitud.\n<\/p><p><strong>C.- <\/strong>El derecho de portabilidad podr\u00e1 ser ejercitado, con arreglo a las siguientes previsiones, siempre que el interesado considere que los datos recogidos en nuestros tratamientos tienen que ser devueltos al titular de los datos, o en su caso a un tercero (Encargado de tratamiento).\n<\/p><p><strong>D.- <\/strong>El derecho de limitaci\u00f3n podr\u00e1 ser ejercitado, previamente el derecho de oposici\u00f3n al tratamiento de sus datos, y que mientras no se resuelva el derecho de oposici\u00f3n, se limite el tratamiento de los datos.\n<\/p><p><strong>5. Cambio de Normativa<\/strong>\n<\/p><p>APT, se reserva el derecho de modificar la presente pol\u00edtica con el objeto de adaptarla a las novedades legislativas o jurisprudenciales, as\u00ed como las que pudieran derivarse de \u201cc\u00f3digos tipo\u201d existentes en la materia. Tales cambios ser\u00e1n comunicados con la antelaci\u00f3n que sea necesaria en nuestra p\u00e1gina web, sin perjuicio de reclamar el consentimiento necesario de los afectados cuando este no se considere otorgado con arreglo a los t\u00e9rminos de la presente pol\u00edtica.\n<\/p><p>Cualquier duda, pregunta o comentario que pudiera tener en referencia a la presente normativa, no dude en consultarlo dirigiendo su comunicaci\u00f3n a: <a href=\"mailto:dpd@porttarragona.cat\" title=\"\">dpd@porttarragona.cat<\/a> \/ <a href=\"mailto:sac@porttarragona.cat\">sac@porttarragona.cat<\/a>.\n<\/p><p><strong>6. Legislaci\u00f3n aplicable y jurisdicci\u00f3n<\/strong>\n<\/p><p>Las partes, con expresa renuncia a su propio fuero, aceptan como legislaci\u00f3n rectora del presente contrato, la espa\u00f1ola, y se someten para la resoluci\u00f3n de todos los litigios que pudieran derivarse del mismo a los juzgados y tribunales de Tarragona.\t\t\t\t\t\t\t\t<\/div>\n\t\t\t\t\t<\/div>\n\t\t\t\t<\/div>\n\t\t\t\t<\/div>\n\t\t","protected":false},"excerpt":{"rendered":"<p>TEXTO LEGAL De conformidad con lo establecido por el Reglamento (UE) 2016\/679 del Parlamento Europeo y del Consejo, de 27 de abril de 2016, relativo a la protecci\u00f3n de las personas f\u00edsicas en cuanto al tratamiento de datos personales y a la libre circulaci\u00f3n de estos datos, le informamos que los datos personales facilitados a [&hellip;]<\/p>\n","protected":false},"author":1,"featured_media":0,"parent":0,"menu_order":0,"comment_status":"closed","ping_status":"closed","template":"","meta":{"footnotes":""},"class_list":["post-399","page","type-page","status-publish","hentry"],"_links":{"self":[{"href":"https:\/\/www.agrifoodporttarragona.com\/es\/wp-json\/wp\/v2\/pages\/399","targetHints":{"allow":["GET"]}}],"collection":[{"href":"https:\/\/www.agrifoodporttarragona.com\/es\/wp-json\/wp\/v2\/pages"}],"about":[{"href":"https:\/\/www.agrifoodporttarragona.com\/es\/wp-json\/wp\/v2\/types\/page"}],"author":[{"embeddable":true,"href":"https:\/\/www.agrifoodporttarragona.com\/es\/wp-json\/wp\/v2\/users\/1"}],"replies":[{"embeddable":true,"href":"https:\/\/www.agrifoodporttarragona.com\/es\/wp-json\/wp\/v2\/comments?post=399"}],"version-history":[{"count":4,"href":"https:\/\/www.agrifoodporttarragona.com\/es\/wp-json\/wp\/v2\/pages\/399\/revisions"}],"predecessor-version":[{"id":645,"href":"https:\/\/www.agrifoodporttarragona.com\/es\/wp-json\/wp\/v2\/pages\/399\/revisions\/645"}],"wp:attachment":[{"href":"https:\/\/www.agrifoodporttarragona.com\/es\/wp-json\/wp\/v2\/media?parent=399"}],"curies":[{"name":"wp","href":"https:\/\/api.w.org\/{rel}","templated":true}]}}